{"id":4203,"date":"2025-04-22T10:39:08","date_gmt":"2025-04-22T08:39:08","guid":{"rendered":"https:\/\/squareshow.webbare.it\/come-funziona\/"},"modified":"2025-05-09T11:23:12","modified_gmt":"2025-05-09T09:23:12","slug":"how-it-works","status":"publish","type":"page","link":"https:\/\/squareshow.webbare.it\/en\/how-it-works\/","title":{"rendered":"How It Works"},"content":{"rendered":"<div class=\"wpb-content-wrapper\"><p>[vc_row full_width=&#8221;stretch_row&#8221; css=&#8221;.vc_custom_1488813254159{margin-bottom: 0px !important;padding-top: 80px !important;padding-bottom: 80px !important;background-color: #ffffff !important;}&#8221;][vc_column][vc_custom_heading text=&#8221;What you can do on Arenza&#8221; font_container=&#8221;tag:h2|text_align:center&#8221; use_theme_fonts=&#8221;yes&#8221; css=&#8221;&#8221;][\/vc_column][\/vc_row][vc_row full_width=&#8221;stretch_row_content&#8221; equal_height=&#8221;yes&#8221; disable_element=&#8221;yes&#8221; general_row_align=&#8221;zass-align-center&#8221; css=&#8221;.vc_custom_1733476954505{margin-bottom: 0px !important;padding-top: 80px !important;padding-bottom: 80px !important;background-color: #ffffff !important;}&#8221;][vc_column][vc_row_inner content_placement=&#8221;middle&#8221; gap=&#8221;35&#8243;][vc_column_inner width=&#8221;1\/3&#8243;]\t\t<div class=\"wpb_zass_banner wpb_content_element banner-center-center  \">\n\t\t\t<div class=\"wpb_wrapper\">\n\t\t\t\t<div class=\"zass_whole_banner_wrapper\">\n\t\t\t\t\t<a href=\"#\" target=\"_blank\" title=\"Consulta le opere in mostra\">\n\t\t\t\t\t\t\t\t\t\t\t\t\t<div class=\"zass_banner_image\">\n\t\t\t\t\t\t\t\t<img decoding=\"async\" class=\"zass_banner_bg\" src=\"https:\/\/squareshow.webbare.it\/wp-content\/uploads\/2024\/11\/Veleiro-de-plata.png\" alt=\"Consulta le opere in mostra\" \/>\n\t\t\t\t\t\t\t<\/div>\n\t\t\t\t\t\t\t\t\t\t\t\t<div class=\"zass_banner_text\">\n\t\t\t\t\t\t\t<div class=\"zass_banner_centering\">\n\t\t\t\t\t\t\t\t<div class=\"zass_banner_centered\">\n\t\t\t\t\t\t\t\t\t\t\t\t\t\t\t\t\t\t\t\t\t\t\t\t\t\t\t\t<h4>Consulta le opere in mostra<\/h4>\n\t\t\t\t\t\t\t\t\t\t\t\t\t\t\t\t\t\t\t\t\t\t\t\t\t\t\t\t<h6>Puoi ispirarti e osservare i quadri di artisti e di collezionisti che sono stati messi in vetrina per un periodo di tempo specifico. Come in un vernissage ci saranno quadri esposti pi\u00f9 a lungo e altri per periodi pi\u00f9 brevi, il sito \u00e8 in continuo aggiornamento, grazie a tutti i sottoscrittori che scelgono di pubblicare periodicamente o solo in certi momenti le loro opere, tutte o solo alcune. Puoi scegliere di acquistare direttamente i quadri che ti interessano. Il sito prevede una forma di e-commerce in modo che tu possa procedere autonomamente. Per effettuare acquisti \u00e8 necessario registrarsi sulla piattaforma.<\/h6>\n\t\t\t\t\t\t\t\t\t\t\t\t\t\t\t\t\t\t\t\t\t\t\t\t\t\t\t\t<span class=\"zass_banner_buton\">EVENTUALE LINK<\/span>\n\t\t\t\t\t\t\t\t\t\t\t\t\t\t\t\t\t<\/div>\n\t\t\t\t\t\t\t<\/div>\n\t\t\t\t\t\t<\/div>\n\t\t\t\t\t<\/a>\n\t\t\t\t<\/div>\n\t\t\t<\/div>\n\t\t<\/div>\n\t\t[\/vc_column_inner][vc_column_inner width=&#8221;1\/3&#8243;]\t\t<div class=\"wpb_zass_banner wpb_content_element banner-center-center  \">\n\t\t\t<div class=\"wpb_wrapper\">\n\t\t\t\t<div class=\"zass_whole_banner_wrapper\">\n\t\t\t\t\t<a href=\"#\" target=\"_blank\" title=\"VALUTA CORSI E ATTIVIT\u00c0 ARTISTICHE\">\n\t\t\t\t\t\t\t\t\t\t\t\t\t<div class=\"zass_banner_image\">\n\t\t\t\t\t\t\t\t<img decoding=\"async\" class=\"zass_banner_bg\" src=\"https:\/\/squareshow.webbare.it\/wp-content\/uploads\/2024\/11\/Veleiro-de-plata.png\" alt=\"VALUTA CORSI E ATTIVIT\u00c0 ARTISTICHE\" \/>\n\t\t\t\t\t\t\t<\/div>\n\t\t\t\t\t\t\t\t\t\t\t\t<div class=\"zass_banner_text\">\n\t\t\t\t\t\t\t<div class=\"zass_banner_centering\">\n\t\t\t\t\t\t\t\t<div class=\"zass_banner_centered\">\n\t\t\t\t\t\t\t\t\t\t\t\t\t\t\t\t\t\t\t\t\t\t\t\t\t\t\t\t<h4>VALUTA CORSI E ATTIVIT\u00c0 ARTISTICHE<\/h4>\n\t\t\t\t\t\t\t\t\t\t\t\t\t\t\t\t\t\t\t\t\t\t\t\t\t\t\t\t<h6>Puoi consultare le proposte artistiche in vetrina nell\u2019area formazione e partecipare alle attivit\u00e0 formative individuali o di gruppo, per imparare o migliorare le tue abilit\u00e0 nell\u2019arte.<\/h6>\n\t\t\t\t\t\t\t\t\t\t\t\t\t\t\t\t\t\t\t\t\t\t\t\t\t\t<\/div>\n\t\t\t\t\t\t\t<\/div>\n\t\t\t\t\t\t<\/div>\n\t\t\t\t\t<\/a>\n\t\t\t\t<\/div>\n\t\t\t<\/div>\n\t\t<\/div>\n\t\t[\/vc_column_inner][vc_column_inner width=&#8221;1\/3&#8243;]\t\t<div class=\"wpb_zass_banner wpb_content_element banner-center-center  \">\n\t\t\t<div class=\"wpb_wrapper\">\n\t\t\t\t<div class=\"zass_whole_banner_wrapper\">\n\t\t\t\t\t<a href=\"#\" target=\"_blank\" title=\"PRENDI ISPIRAZIONE PER I PROSSIMI EVENTI A CUI PARTECIPARE\">\n\t\t\t\t\t\t\t\t\t\t\t\t\t<div class=\"zass_banner_image\">\n\t\t\t\t\t\t\t\t<img decoding=\"async\" class=\"zass_banner_bg\" src=\"https:\/\/squareshow.webbare.it\/wp-content\/uploads\/2024\/11\/Veleiro-de-plata.png\" alt=\"PRENDI ISPIRAZIONE PER I PROSSIMI EVENTI A CUI PARTECIPARE\" \/>\n\t\t\t\t\t\t\t<\/div>\n\t\t\t\t\t\t\t\t\t\t\t\t<div class=\"zass_banner_text\">\n\t\t\t\t\t\t\t<div class=\"zass_banner_centering\">\n\t\t\t\t\t\t\t\t<div class=\"zass_banner_centered\">\n\t\t\t\t\t\t\t\t\t\t\t\t\t\t\t\t\t\t\t\t\t\t\t\t\t\t\t\t<h4>PRENDI ISPIRAZIONE PER I PROSSIMI EVENTI A CUI PARTECIPARE<\/h4>\n\t\t\t\t\t\t\t\t\t\t\t\t\t\t\t\t\t\t\t\t\t\t\t\t\t\t\t\t<h6>Puoi prendere spunto dagli eventi che pubblichiamo e dai luoghi che suggeriamo di visitare per riempirsi occhi e cuore d\u2019arte.<\/h6>\n\t\t\t\t\t\t\t\t\t\t\t\t\t\t\t\t\t\t\t\t\t\t\t\t\t\t<\/div>\n\t\t\t\t\t\t\t<\/div>\n\t\t\t\t\t\t<\/div>\n\t\t\t\t\t<\/a>\n\t\t\t\t<\/div>\n\t\t\t<\/div>\n\t\t<\/div>\n\t\t[\/vc_column_inner][\/vc_row_inner][vc_row_inner content_placement=&#8221;middle&#8221; gap=&#8221;35&#8243;][vc_column_inner width=&#8221;1\/3&#8243;]\t\t<div class=\"wpb_zass_banner wpb_content_element banner-center-center  \">\n\t\t\t<div class=\"wpb_wrapper\">\n\t\t\t\t<div class=\"zass_whole_banner_wrapper\">\n\t\t\t\t\t<a href=\"#\" target=\"_blank\" title=\"SEGNALACI UN EVENTO\">\n\t\t\t\t\t\t\t\t\t\t\t\t\t<div class=\"zass_banner_image\">\n\t\t\t\t\t\t\t\t<img decoding=\"async\" class=\"zass_banner_bg\" src=\"https:\/\/squareshow.webbare.it\/wp-content\/uploads\/2024\/11\/Veleiro-de-plata.png\" alt=\"SEGNALACI UN EVENTO\" \/>\n\t\t\t\t\t\t\t<\/div>\n\t\t\t\t\t\t\t\t\t\t\t\t<div class=\"zass_banner_text\">\n\t\t\t\t\t\t\t<div class=\"zass_banner_centering\">\n\t\t\t\t\t\t\t\t<div class=\"zass_banner_centered\">\n\t\t\t\t\t\t\t\t\t\t\t\t\t\t\t\t\t\t\t\t\t\t\t\t\t\t\t\t<h4>SEGNALACI UN EVENTO<\/h4>\n\t\t\t\t\t\t\t\t\t\t\t\t\t\t\t\t\t\t\t\t\t\t\t\t\t\t\t\t<h6>Puoi segnalarci il tuo evento o un evento d\u2019arte di cui sei a conoscenza che possa meritare la nostra attenzione e la pubblicazione sul sito, valuteremo con interesse.<\/h6>\n\t\t\t\t\t\t\t\t\t\t\t\t\t\t\t\t\t\t\t\t\t\t\t\t\t\t<\/div>\n\t\t\t\t\t\t\t<\/div>\n\t\t\t\t\t\t<\/div>\n\t\t\t\t\t<\/a>\n\t\t\t\t<\/div>\n\t\t\t<\/div>\n\t\t<\/div>\n\t\t[\/vc_column_inner][vc_column_inner width=&#8221;1\/3&#8243;]\t\t<div class=\"wpb_zass_banner wpb_content_element banner-center-center  \">\n\t\t\t<div class=\"wpb_wrapper\">\n\t\t\t\t<div class=\"zass_whole_banner_wrapper\">\n\t\t\t\t\t<a href=\"#\" target=\"_blank\" title=\"METTI IN MOSTRA E VENDI LE TUE OPERE\">\n\t\t\t\t\t\t\t\t\t\t\t\t\t<div class=\"zass_banner_image\">\n\t\t\t\t\t\t\t\t<img decoding=\"async\" class=\"zass_banner_bg\" src=\"https:\/\/squareshow.webbare.it\/wp-content\/uploads\/2024\/11\/Veleiro-de-plata.png\" alt=\"METTI IN MOSTRA E VENDI LE TUE OPERE\" \/>\n\t\t\t\t\t\t\t<\/div>\n\t\t\t\t\t\t\t\t\t\t\t\t<div class=\"zass_banner_text\">\n\t\t\t\t\t\t\t<div class=\"zass_banner_centering\">\n\t\t\t\t\t\t\t\t<div class=\"zass_banner_centered\">\n\t\t\t\t\t\t\t\t\t\t\t\t\t\t\t\t\t\t\t\t\t\t\t\t\t\t\t\t<h4>METTI IN MOSTRA E VENDI LE TUE OPERE<\/h4>\n\t\t\t\t\t\t\t\t\t\t\t\t\t\t\t\t\t\t\t\t\t\t\t\t\t\t\t\t<h6>Se sei un artista puoi creare il tuo spazio d\u2019arte all\u2019interno del sito. Puoi fare tutto in autonomia, basta registrarsi, seguire le indicazioni e caricare il materiale (foto e descrizioni) dopo la scelta del tuo piano di pagamento e il periodo per cui desideri restare visibile in galleria.<\/h6>\n\t\t\t\t\t\t\t\t\t\t\t\t\t\t\t\t\t\t\t\t\t\t\t\t\t\t<\/div>\n\t\t\t\t\t\t\t<\/div>\n\t\t\t\t\t\t<\/div>\n\t\t\t\t\t<\/a>\n\t\t\t\t<\/div>\n\t\t\t<\/div>\n\t\t<\/div>\n\t\t[\/vc_column_inner][vc_column_inner width=&#8221;1\/3&#8243;]\t\t<div class=\"wpb_zass_banner wpb_content_element banner-center-center  \">\n\t\t\t<div class=\"wpb_wrapper\">\n\t\t\t\t<div class=\"zass_whole_banner_wrapper\">\n\t\t\t\t\t<a href=\"#\" target=\"_blank\" title=\"METTI IN MOSTRA E VENDI LE OPERE DELLA TUA COLLEZIONE\">\n\t\t\t\t\t\t\t\t\t\t\t\t\t<div class=\"zass_banner_image\">\n\t\t\t\t\t\t\t\t<img decoding=\"async\" class=\"zass_banner_bg\" src=\"https:\/\/squareshow.webbare.it\/wp-content\/uploads\/2024\/11\/Veleiro-de-plata.png\" alt=\"METTI IN MOSTRA E VENDI LE OPERE DELLA TUA COLLEZIONE\" \/>\n\t\t\t\t\t\t\t<\/div>\n\t\t\t\t\t\t\t\t\t\t\t\t<div class=\"zass_banner_text\">\n\t\t\t\t\t\t\t<div class=\"zass_banner_centering\">\n\t\t\t\t\t\t\t\t<div class=\"zass_banner_centered\">\n\t\t\t\t\t\t\t\t\t\t\t\t\t\t\t\t\t\t\t\t\t\t\t\t\t\t\t\t<h4>METTI IN MOSTRA E VENDI LE OPERE DELLA TUA COLLEZIONE<\/h4>\n\t\t\t\t\t\t\t\t\t\t\t\t\t\t\t\t\t\t\t\t\t\t\t\t\t\t\t\t<h6>Se sei un collezionista puoi creare il tuo spazio digitale e mettere in evidenza i quadri che desideri sottoporre al pubblico e vendere ad altri appassionati come te. Puoi creare la tua vetrina in autonomia seguendo le indicazioni dopo aver fatto la registrazione sul sito e aver scelto il tuo piano di pagamento e il periodo in cui vuoi tenere aperta la tua mostra digitale.<\/h6>\n\t\t\t\t\t\t\t\t\t\t\t\t\t\t\t\t\t\t\t\t\t\t\t\t\t\t<\/div>\n\t\t\t\t\t\t\t<\/div>\n\t\t\t\t\t\t<\/div>\n\t\t\t\t\t<\/a>\n\t\t\t\t<\/div>\n\t\t\t<\/div>\n\t\t<\/div>\n\t\t[\/vc_column_inner][\/vc_row_inner][vc_row_inner content_placement=&#8221;middle&#8221; gap=&#8221;35&#8243;][vc_column_inner width=&#8221;1\/3&#8243;][\/vc_column_inner][vc_column_inner width=&#8221;1\/3&#8243;]\t\t<div class=\"wpb_zass_banner wpb_content_element banner-center-center  \">\n\t\t\t<div class=\"wpb_wrapper\">\n\t\t\t\t<div class=\"zass_whole_banner_wrapper\">\n\t\t\t\t\t<a href=\"#\" target=\"_blank\" title=\"METTI IN EVIDENZA LE TUE CAPACIT\u00c0 FORMATIVE\">\n\t\t\t\t\t\t\t\t\t\t\t\t\t<div class=\"zass_banner_image\">\n\t\t\t\t\t\t\t\t<img decoding=\"async\" class=\"zass_banner_bg\" src=\"https:\/\/squareshow.webbare.it\/wp-content\/uploads\/2024\/11\/Veleiro-de-plata.png\" alt=\"METTI IN EVIDENZA LE TUE CAPACIT\u00c0 FORMATIVE\" \/>\n\t\t\t\t\t\t\t<\/div>\n\t\t\t\t\t\t\t\t\t\t\t\t<div class=\"zass_banner_text\">\n\t\t\t\t\t\t\t<div class=\"zass_banner_centering\">\n\t\t\t\t\t\t\t\t<div class=\"zass_banner_centered\">\n\t\t\t\t\t\t\t\t\t\t\t\t\t\t\t\t\t\t\t\t\t\t\t\t\t\t\t\t<h4>METTI IN EVIDENZA LE TUE CAPACIT\u00c0 FORMATIVE<\/h4>\n\t\t\t\t\t\t\t\t\t\t\t\t\t\t\t\t\t\t\t\t\t\t\t\t\t\t\t\t<h6>Se sei un Maestro o una Maestra d\u2019arte segnala i tuoi corsi e le attivit\u00e0 formative e artistiche che organizzi attraverso il sito e la tua locandina. Fatti conoscere e trova pi\u00f9 contatti e allievi. Puoi fare tutto in autonomia seguendo le indicazioni del sito dopo aver eseguito la registrazione e il pagamento per lo spazio pubblicitario per il periodo che preferisci. Squareshow \u00e8 uno spazio d\u2019arte fondato sul rispetto, in cui artista e acquirente si incontrano e sono certi che alla base ci sono trasparenza, funzionalit\u00e0 e qualit\u00e0 di relazione, consapevolezza della profondit\u00e0 che caratterizza l\u2019arte. Se sei un artista puoi creare il tuo spazio d\u2019arte all\u2019interno del sito. Puoi fare tutto in autonomia, basta registrarsi, seguire le indicazioni e caricare il materiale (foto e descrizioni) dopo la scelta del tuo piano di pagamento e il periodo per cui desideri restare visibile in galleria.<\/h6>\n\t\t\t\t\t\t\t\t\t\t\t\t\t\t\t\t\t\t\t\t\t\t\t\t\t\t<\/div>\n\t\t\t\t\t\t\t<\/div>\n\t\t\t\t\t\t<\/div>\n\t\t\t\t\t<\/a>\n\t\t\t\t<\/div>\n\t\t\t<\/div>\n\t\t<\/div>\n\t\t[\/vc_column_inner][vc_column_inner width=&#8221;1\/3&#8243;][\/vc_column_inner][\/vc_row_inner][\/vc_column][\/vc_row][vc_row full_width=&#8221;stretch_row_content&#8221; equal_height=&#8221;yes&#8221; general_row_align=&#8221;zass-align-center&#8221; css=&#8221;.vc_custom_1730906634754{margin-bottom: 0px !important;padding-top: 80px !important;padding-bottom: 80px !important;background-color: #ffffff !important;}&#8221;][vc_column][vc_row_inner equal_height=&#8221;yes&#8221; content_placement=&#8221;middle&#8221; gap=&#8221;35&#8243;][vc_column_inner width=&#8221;1\/2&#8243; css=&#8221;.vc_custom_1745307595086{margin-right: 8% !important;margin-left: 8% !important;border-top-width: 2px !important;border-right-width: 2px !important;border-bottom-width: 2px !important;border-left-width: 2px !important;padding-right: 20% !important;padding-left: 20% !important;border-left-style: solid !important;border-right-style: solid !important;border-top-style: solid !important;border-bottom-style: solid !important;border-color: #62BFBA !important;}&#8221;][vc_custom_heading text=&#8221;Browse the works in the exhibition&#8221; font_container=&#8221;tag:h4|text_align:center&#8221; use_theme_fonts=&#8221;yes&#8221; css=&#8221;&#8221;][vc_column_text css=&#8221;&#8221;]You can be inspired by and view paintings by artists and collectors that have been put on display for a specific period of time. As in a vernissage there will be paintings displayed for longer periods and others for shorter periods, the site is constantly updated, thanks to all the subscribers who choose to publish their works periodically or only at certain times, all or some of them. You can choose to directly purchase the paintings that interest you. The site provides a form of e-commerce so that you can proceed independently. To make purchases, you must register on the platform.[\/vc_column_text][\/vc_column_inner][vc_column_inner width=&#8221;1\/2&#8243; css=&#8221;.vc_custom_1745307600998{margin-right: 8% !important;margin-left: 8% !important;border-top-width: 2px !important;border-right-width: 2px !important;border-bottom-width: 2px !important;border-left-width: 2px !important;padding-right: 20% !important;padding-left: 20% !important;border-left-style: solid !important;border-right-style: solid !important;border-top-style: solid !important;border-bottom-style: solid !important;border-color: #62BFBA !important;}&#8221;][vc_custom_heading text=&#8221;Evaluate courses and artistic activities&#8221; font_container=&#8221;tag:h4|text_align:center&#8221; use_theme_fonts=&#8221;yes&#8221; css=&#8221;&#8221;][vc_column_text css=&#8221;&#8221;]You can browse the featured art proposals in the training area and participate in individual or group training activities to learn or improve your skills in art.[\/vc_column_text][\/vc_column_inner][\/vc_row_inner][vc_row_inner equal_height=&#8221;yes&#8221; content_placement=&#8221;middle&#8221; gap=&#8221;35&#8243;][vc_column_inner width=&#8221;1\/2&#8243; css=&#8221;.vc_custom_1745307613221{margin-right: 8% !important;margin-left: 8% !important;border-top-width: 2px !important;border-right-width: 2px !important;border-bottom-width: 2px !important;border-left-width: 2px !important;padding-right: 20% !important;padding-left: 20% !important;border-left-style: solid !important;border-right-style: solid !important;border-top-style: solid !important;border-bottom-style: solid !important;border-color: #62BFBA !important;}&#8221;][vc_custom_heading text=&#8221;Get inspiration for upcoming events&#8221; font_container=&#8221;tag:h4|text_align:center&#8221; use_theme_fonts=&#8221;yes&#8221; css=&#8221;&#8221;][vc_column_text css=&#8221;&#8221;]You can take inspiration from the events we publish and the places we suggest to visit to fill your eyes and heart with art.[\/vc_column_text][\/vc_column_inner][vc_column_inner width=&#8221;1\/2&#8243; css=&#8221;.vc_custom_1745307606934{margin-right: 8% !important;margin-left: 8% !important;border-top-width: 2px !important;border-right-width: 2px !important;border-bottom-width: 2px !important;border-left-width: 2px !important;padding-right: 20% !important;padding-left: 20% !important;border-left-style: solid !important;border-right-style: solid !important;border-top-style: solid !important;border-bottom-style: solid !important;border-color: #62BFBA !important;}&#8221;][vc_custom_heading text=&#8221;Report an event&#8221; font_container=&#8221;tag:h4|text_align:center&#8221; use_theme_fonts=&#8221;yes&#8221; css=&#8221;&#8221;][vc_column_text css=&#8221;&#8221;]You can tell us about your event or an art event you know of that might merit our attention and publication on the site, we will consider it with interest.[\/vc_column_text][\/vc_column_inner][\/vc_row_inner][\/vc_column][\/vc_row][vc_row full_width=&#8221;stretch_row&#8221; css=&#8221;.vc_custom_1745910366013{margin-bottom: 0px !important;padding-top: 80px !important;padding-bottom: 80px !important;background-color: #428DA6 !important;}&#8221;][vc_column][vc_row_inner][vc_column_inner][vc_custom_heading text=&#8221;WE CREATE AN ART COMMUNITY&#8221; font_container=&#8221;tag:h4|text_align:center|color:%23FFFFFF&#8221; use_theme_fonts=&#8221;yes&#8221; css=&#8221;&#8221;][vc_column_text css=&#8221;&#8221;]<\/p>\n<p style=\"text-align: center; color: #ebb378;\">We are open to improving and creating a community interested in art, so write to us with any suggestions you may have and we will consider your ideas receptively and carefully.<br \/>\nIf you like our ideas, share the site and talk about it with your contacts who are as passionate as you are. Let&#8217;s create an art movement together.<\/p>\n<p>[\/vc_column_text][\/vc_column_inner][\/vc_row_inner][\/vc_column][\/vc_row][vc_row full_width=&#8221;stretch_row_content&#8221; equal_height=&#8221;yes&#8221; general_row_align=&#8221;zass-align-center&#8221; css=&#8221;.vc_custom_1730906634754{margin-bottom: 0px !important;padding-top: 80px !important;padding-bottom: 80px !important;background-color: #ffffff !important;}&#8221;][vc_column][vc_row_inner equal_height=&#8221;yes&#8221; content_placement=&#8221;middle&#8221; gap=&#8221;35&#8243;][vc_column_inner width=&#8221;1\/2&#8243; css=&#8221;.vc_custom_1745307627748{margin-right: 8% !important;margin-left: 8% !important;border-top-width: 2px !important;border-right-width: 2px !important;border-bottom-width: 2px !important;border-left-width: 2px !important;padding-right: 20% !important;padding-left: 20% !important;border-left-style: solid !important;border-right-style: solid !important;border-top-style: solid !important;border-bottom-style: solid !important;border-color: #62BFBA !important;}&#8221;][vc_custom_heading text=&#8221;Exhibit and sell your works&#8221; font_container=&#8221;tag:h4|text_align:center&#8221; use_theme_fonts=&#8221;yes&#8221; css=&#8221;&#8221;][vc_column_text css=&#8221;&#8221;]<\/p>\n<div class=\"page\" title=\"Page 6\">\n<div class=\"section\">\n<div class=\"layoutArea\">\n<div class=\"column\">\n<p>If you are an artist, you can create your own art space on the site. You can do this independently, just register, follow the directions and upload your material (photos and descriptions) after choosing your payment plan and the period for which you wish to remain visible in the gallery.<\/p>\n<\/div>\n<\/div>\n<\/div>\n<\/div>\n<p>[\/vc_column_text][\/vc_column_inner][vc_column_inner width=&#8221;1\/2&#8243; css=&#8221;.vc_custom_1745307621908{margin-right: 8% !important;margin-left: 8% !important;border-top-width: 2px !important;border-right-width: 2px !important;border-bottom-width: 2px !important;border-left-width: 2px !important;padding-right: 20% !important;padding-left: 20% !important;border-left-style: solid !important;border-right-style: solid !important;border-top-style: solid !important;border-bottom-style: solid !important;border-color: #62BFBA !important;}&#8221;][vc_custom_heading text=&#8221;Highlight your training skills&#8221; font_container=&#8221;tag:h4|text_align:center&#8221; use_theme_fonts=&#8221;yes&#8221; css=&#8221;&#8221;][vc_column_text css=&#8221;&#8221;]<\/p>\n<div class=\"page\" title=\"Page 6\">\n<div class=\"section\">\n<div class=\"layoutArea\">\n<div class=\"column\">\n<p>If you are a Master or Art Teacher, advertise your courses and the educational and artistic activities you organise through your website and poster. Make yourself known and find more contacts and students. You can do this yourself by following the instructions on the site after registering and paying for advertising space for the period of your choice.<\/p>\n<p>Squareshow is an art space founded on respect, where artist and buyer meet and are assured that transparency, functionality and quality of relationship, awareness of the depth that characterises art, are the basis.<\/p>\n<\/div>\n<\/div>\n<\/div>\n<\/div>\n<p>[\/vc_column_text][\/vc_column_inner][\/vc_row_inner][\/vc_column][\/vc_row][vc_row full_width=&#8221;stretch_row&#8221; css=&#8221;.vc_custom_1746451973949{background-color: #EBB378 !important;}&#8221;][vc_column css=&#8221;.vc_custom_1746451723943{border-color: #EBB378 !important;}&#8221;][vc_row_inner content_placement=&#8221;middle&#8221; css=&#8221;.vc_custom_1746449080890{border-color: #EBB378 !important;}&#8221;][vc_column_inner css=&#8221;.vc_custom_1746449075569{border-color: #EBB378 !important;}&#8221;][vc_custom_heading text=&#8221;JOIN OUR <b>ARENZA<\/b>LETTER FOR FREE.&#8221; font_container=&#8221;tag:h5|text_align:center&#8221; use_theme_fonts=&#8221;yes&#8221; css=&#8221;&#8221;]\n<div class=\"wpcf7 no-js\" id=\"wpcf7-f4454-o1\" lang=\"en-US\" dir=\"ltr\" data-wpcf7-id=\"4454\">\n<div class=\"screen-reader-response\"><p role=\"status\" aria-live=\"polite\" aria-atomic=\"true\"><\/p> <ul><\/ul><\/div>\n<form action=\"\/en\/wp-json\/wp\/v2\/pages\/4203#wpcf7-f4454-o1\" method=\"post\" class=\"wpcf7-form init\" aria-label=\"Contact form\" novalidate=\"novalidate\" data-status=\"init\">\n<fieldset class=\"hidden-fields-container\"><input type=\"hidden\" name=\"_wpcf7\" value=\"4454\" \/><input type=\"hidden\" name=\"_wpcf7_version\" value=\"6.1.5\" \/><input type=\"hidden\" name=\"_wpcf7_locale\" value=\"en_US\" \/><input type=\"hidden\" name=\"_wpcf7_unit_tag\" value=\"wpcf7-f4454-o1\" \/><input type=\"hidden\" name=\"_wpcf7_container_post\" value=\"0\" \/><input type=\"hidden\" name=\"_wpcf7_posted_data_hash\" value=\"\" \/>\n<\/fieldset>\n<table>\n\t<tr>\n\t\t<td style=\"width:70%!important;text-align:left;padding-left:25%;\">\n\t\t\t<p><label> Your email<br \/>\n<span class=\"wpcf7-form-control-wrap\" data-name=\"your-email\"><input size=\"40\" maxlength=\"400\" class=\"wpcf7-form-control wpcf7-email wpcf7-validates-as-required wpcf7-text wpcf7-validates-as-email\" autocomplete=\"email\" aria-required=\"true\" aria-invalid=\"false\" value=\"\" type=\"email\" name=\"your-email\" \/><\/span> <\/label>\n\t\t\t<\/p>\n\t\t<\/td>\n\t\t<td style=\"width:30%!important;text-align:left;\">\n\t\t\t<p><input class=\"wpcf7-form-control wpcf7-submit has-spinner\" type=\"submit\" value=\"Sign up\" \/>\n\t\t\t<\/p>\n\t\t<\/td>\n\t<\/tr>\n<\/table><div class=\"wpcf7-response-output\" aria-hidden=\"true\"><\/div>\n<\/form>\n<\/div>\n[vc_raw_html css=&#8221;&#8221;]JTNDc3R5bGUlMjB0eXBlJTNEJTIydGV4dCUyRmNzcyUyMiUzRSUwQWZvcm0ud3BjZjctZm9ybSUyMCU3QiUwQSUyMCUyMGJvcmRlciUzQSUyMG5vbmUlMjFpbXBvcnRhbnQlM0IlMEElN0QlMEElM0MlMkZzdHlsZSUzRQ==[\/vc_raw_html][\/vc_column_inner][\/vc_row_inner][\/vc_column][\/vc_row]<\/p>\n<\/div>","protected":false},"excerpt":{"rendered":"<p>[vc_row full_width=&#8221;stretch_row&#8221; css=&#8221;.vc_custom_1488813254159{margin-bottom: 0px !important;padding-top: 80px !important;padding-bottom: 80px !important;background-color: #ffffff !important;}&#8221;][vc_column][vc_custom_heading text=&#8221;What you can do on Arenza&#8221; font_container=&#8221;tag:h2|text_align:center&#8221; use_theme_fonts=&#8221;yes&#8221; css=&#8221;&#8221;][\/vc_column][\/vc_row][vc_row full_width=&#8221;stretch_row_content&#8221; equal_height=&#8221;yes&#8221; disable_element=&#8221;yes&#8221; general_row_align=&#8221;zass-align-center&#8221; css=&#8221;.vc_custom_1733476954505{margin-bottom: 0px !important;padding-top: 80px !important;padding-bottom: 80px !important;background-color: #ffffff !important;}&#8221;][vc_column][vc_row_inner content_placement=&#8221;middle&#8221; gap=&#8221;35&#8243;][vc_column_inner width=&#8221;1\/3&#8243;][\/vc_column_inner][vc_column_inner width=&#8221;1\/3&#8243;][\/vc_column_inner][vc_column_inner width=&#8221;1\/3&#8243;][\/vc_column_inner][\/vc_row_inner][vc_row_inner content_placement=&#8221;middle&#8221; gap=&#8221;35&#8243;][vc_column_inner width=&#8221;1\/3&#8243;][\/vc_column_inner][vc_column_inner width=&#8221;1\/3&#8243;][\/vc_column_inner][vc_column_inner width=&#8221;1\/3&#8243;][\/vc_column_inner][\/vc_row_inner][vc_row_inner content_placement=&#8221;middle&#8221; gap=&#8221;35&#8243;][vc_column_inner width=&#8221;1\/3&#8243;][\/vc_column_inner][vc_column_inner width=&#8221;1\/3&#8243;][\/vc_column_inner][vc_column_inner width=&#8221;1\/3&#8243;][\/vc_column_inner][\/vc_row_inner][\/vc_column][\/vc_row][vc_row full_width=&#8221;stretch_row_content&#8221; equal_height=&#8221;yes&#8221; general_row_align=&#8221;zass-align-center&#8221; css=&#8221;.vc_custom_1730906634754{margin-bottom: 0px !important;padding-top: 80px &#8230;<a class=\"r_more_blog\" href=\"https:\/\/squareshow.webbare.it\/en\/how-it-works\/#more-4203\"><i class=\"fa fa-sign-in\"><\/i> read more<\/a><\/p>\n","protected":false},"author":1,"featured_media":0,"parent":0,"menu_order":0,"comment_status":"closed","ping_status":"closed","template":"","meta":{"footnotes":""},"class_list":["post-4203","page","type-page","status-publish","hentry"],"_links":{"self":[{"href":"https:\/\/squareshow.webbare.it\/en\/wp-json\/wp\/v2\/pages\/4203","targetHints":{"allow":["GET"]}}],"collection":[{"href":"https:\/\/squareshow.webbare.it\/en\/wp-json\/wp\/v2\/pages"}],"about":[{"href":"https:\/\/squareshow.webbare.it\/en\/wp-json\/wp\/v2\/types\/page"}],"author":[{"embeddable":true,"href":"https:\/\/squareshow.webbare.it\/en\/wp-json\/wp\/v2\/users\/1"}],"replies":[{"embeddable":true,"href":"https:\/\/squareshow.webbare.it\/en\/wp-json\/wp\/v2\/comments?post=4203"}],"version-history":[{"count":4,"href":"https:\/\/squareshow.webbare.it\/en\/wp-json\/wp\/v2\/pages\/4203\/revisions"}],"predecessor-version":[{"id":4499,"href":"https:\/\/squareshow.webbare.it\/en\/wp-json\/wp\/v2\/pages\/4203\/revisions\/4499"}],"wp:attachment":[{"href":"https:\/\/squareshow.webbare.it\/en\/wp-json\/wp\/v2\/media?parent=4203"}],"curies":[{"name":"wp","href":"https:\/\/api.w.org\/{rel}","templated":true}]}}